{"id":1580,"date":"2025-09-28T08:22:15","date_gmt":"2025-09-28T08:22:15","guid":{"rendered":"https:\/\/standreini.com\/?page_id=1580"},"modified":"2025-09-29T13:05:57","modified_gmt":"2025-09-29T13:05:57","slug":"about","status":"publish","type":"page","link":"https:\/\/standreini.com\/es\/about\/","title":{"rendered":"about"},"content":{"rendered":"<div data-elementor-type=\"wp-page\" data-elementor-id=\"1580\" class=\"elementor elementor-1580\" data-elementor-post-type=\"page\">\n\t\t\t\t<div class=\"elementor-element elementor-element-7ec837e e-flex e-con-boxed e-con e-parent\" data-id=\"7ec837e\" data-element_type=\"container\" data-e-type=\"container\">\n\t\t\t\t\t<div class=\"e-con-inner\">\n\t\t\t\t<div class=\"elementor-element elementor-element-3353805 elementor-widget elementor-widget-spacer\" data-id=\"3353805\" data-element_type=\"widget\" data-e-type=\"widget\" data-widget_type=\"spacer.default\">\n\t\t\t\t<div class=\"elementor-widget-container\">\n\t\t\t\t\t\t\t<div class=\"elementor-spacer\">\n\t\t\t<div class=\"elementor-spacer-inner\"><\/div>\n\t\t<\/div>\n\t\t\t\t\t\t<\/div>\n\t\t\t\t<\/div>\n\t\t\t\t<div class=\"elementor-element elementor-element-c0891c9 elementor-widget elementor-widget-text-editor\" data-id=\"c0891c9\" data-element_type=\"widget\" data-e-type=\"widget\" data-widget_type=\"text-editor.default\">\n\t\t\t\t<div class=\"elementor-widget-container\">\n\t\t\t\t\t\t\t\t\t<p>Soy Stefano Andreini, un creador de marcas e int\u00e9rprete multidisciplinario que transforma ideas en identidades poderosas, fusionando estrategia empresarial con una visi\u00f3n creativa.<\/p><p>Durante m\u00e1s de quince a\u00f1os he dedicado mi carrera a ayudar a las empresas a definir c\u00f3mo se presentan ante el mundo. Mi trabajo parte de la convicci\u00f3n de que una marca no es solo un logotipo o una campa\u00f1a: es una historia, una identidad y una experiencia que debe sentirse viva y aut\u00e9ntica. Selecciono personalmente a los clientes con los que colaboro y los acompa\u00f1o en un proceso de transformaci\u00f3n integral, construyendo marcas desde cero \u00b7 desde el nombre y el concepto, hasta el dise\u00f1o, el tono de voz y la estrategia de marketing. Cada marca que presento ha sido creada en un 100 % por m\u00ed, muchas incluso con el nombre incluido, como Copetta.com, Begermi.com y Fouroot.com.<\/p><p>Como artista, abordo el branding como si estuviera pintando un lienzo, equilibrando con precisi\u00f3n la creatividad y la estrategia, la est\u00e9tica y el prop\u00f3sito. A lo largo de los a\u00f1os he colaborado con m\u00e1s de un centenar de empresas, creando nuevas identidades y redefiniendo las existentes para impulsar su crecimiento y evoluci\u00f3n. Mi experiencia incluye desempe\u00f1arme como Encargado de Marketing en Parque Arauco S.A., uno de los principales grupos de retail en Chile, y como Jefe de Dise\u00f1o y Direcci\u00f3n de Arte en BuinZoo, donde lider\u00e9 el proceso completo de rebranding del parque zool\u00f3gico m\u00e1s emblem\u00e1tico del pa\u00eds.<\/p><p>Cuento adem\u00e1s con una s\u00f3lida experiencia en marketing digital, gestionando campa\u00f1as exitosas desde 2018 con mi agencia We Are Indigo en Chile, donde combino datos, creatividad y pensamiento estrat\u00e9gico para obtener resultados tangibles. Actualmente concentro mi trabajo en proyectos en los que creo profundamente, como Antwerpen Fine Jewelry, donde ejerzo el cargo de Director de Marketing, y Begermi, donde participo como socio.<\/p><p>Mi misi\u00f3n siempre ha sido clara: transformar ideas en identidades que inspiren, conecten y resistan el paso del tiempo. Para m\u00ed, el branding es mucho m\u00e1s que una profesi\u00f3n: es un oficio, una disciplina y una forma de generar un impacto significativo y duradero.\n\nM\u00e1s all\u00e1 del dise\u00f1o, colaboro estrechamente con las empresas para abordar desaf\u00edos reales, desde redefinir su posicionamiento y fortalecer su presencia en el mercado, hasta impulsar un crecimiento tangible en sus ventas. Mi experiencia en la creaci\u00f3n de negocios en los sectores de importaci\u00f3n y exportaci\u00f3n, la direcci\u00f3n de una agencia creativa y la gesti\u00f3n de una empresa de impresi\u00f3n me aporta una perspectiva integral que va mucho m\u00e1s all\u00e1 de la est\u00e9tica.<\/p>\t\t\t\t\t\t\t\t<\/div>\n\t\t\t\t<\/div>\n\t\t\t\t\t<\/div>\n\t\t\t\t<\/div>\n\t\t<div class=\"elementor-element elementor-element-caa00c2 e-flex e-con-boxed e-con e-parent\" data-id=\"caa00c2\" data-element_type=\"container\" data-e-type=\"container\">\n\t\t\t\t\t<div class=\"e-con-inner\">\n\t\t\t\t<div class=\"elementor-element elementor-element-b619de7 elementor-widget elementor-widget-image\" data-id=\"b619de7\" data-element_type=\"widget\" data-e-type=\"widget\" data-settings=\"{&quot;_animation_mobile&quot;:&quot;fadeInUp&quot;}\" data-widget_type=\"image.default\">\n\t\t\t\t<div class=\"elementor-widget-container\">\n\t\t\t\t\t\t\t\t\t\t\t\t\t\t\t<img fetchpriority=\"high\" decoding=\"async\" width=\"700\" height=\"740\" src=\"https:\/\/standreini.com\/wp-content\/uploads\/2023\/08\/imagen-slide.png\" class=\"attachment-large size-large wp-image-1429\" alt=\"\" srcset=\"https:\/\/standreini.com\/wp-content\/uploads\/2023\/08\/imagen-slide.png 700w, https:\/\/standreini.com\/wp-content\/uploads\/2023\/08\/imagen-slide-284x300.png 284w\" sizes=\"(max-width: 700px) 100vw, 700px\" \/>\t\t\t\t\t\t\t\t\t\t\t\t\t\t\t<\/div>\n\t\t\t\t<\/div>\n\t\t\t\t\t<\/div>\n\t\t\t\t<\/div>\n\t\t\t\t<\/div>","protected":false},"excerpt":{"rendered":"<p>I\u2019m Stefano Andreini, a brand innovator and multidisciplinary artist who transforms ideas into powerful identities, blending business strategy with creative vision. For more than fifteen years, I\u2019ve dedicated my career to helping companies shape how they present themselves to the world. My work is driven by the belief that a brand is not just a [&hellip;]<\/p>\n","protected":false},"author":1,"featured_media":0,"parent":0,"menu_order":0,"comment_status":"closed","ping_status":"closed","template":"","meta":{"footnotes":""},"class_list":["post-1580","page","type-page","status-publish","hentry"],"_links":{"self":[{"href":"https:\/\/standreini.com\/es\/wp-json\/wp\/v2\/pages\/1580","targetHints":{"allow":["GET"]}}],"collection":[{"href":"https:\/\/standreini.com\/es\/wp-json\/wp\/v2\/pages"}],"about":[{"href":"https:\/\/standreini.com\/es\/wp-json\/wp\/v2\/types\/page"}],"author":[{"embeddable":true,"href":"https:\/\/standreini.com\/es\/wp-json\/wp\/v2\/users\/1"}],"replies":[{"embeddable":true,"href":"https:\/\/standreini.com\/es\/wp-json\/wp\/v2\/comments?post=1580"}],"version-history":[{"count":25,"href":"https:\/\/standreini.com\/es\/wp-json\/wp\/v2\/pages\/1580\/revisions"}],"predecessor-version":[{"id":1824,"href":"https:\/\/standreini.com\/es\/wp-json\/wp\/v2\/pages\/1580\/revisions\/1824"}],"wp:attachment":[{"href":"https:\/\/standreini.com\/es\/wp-json\/wp\/v2\/media?parent=1580"}],"curies":[{"name":"wp","href":"https:\/\/api.w.org\/{rel}","templated":true}]}}